{"id":28657,"date":"2025-01-07T11:07:51","date_gmt":"2025-01-07T10:07:51","guid":{"rendered":"https:\/\/powerplayers.sk\/?page_id=28657"},"modified":"2025-01-07T11:14:48","modified_gmt":"2025-01-07T10:14:48","slug":"galeria-2017","status":"publish","type":"page","link":"https:\/\/powerplayers.sk\/en\/galeria-2017\/","title":{"rendered":"gal\u00e9ria 2017"},"content":{"rendered":"<div data-elementor-type=\"wp-page\" data-elementor-id=\"28657\" class=\"elementor elementor-28657\" data-elementor-post-type=\"page\">\n\t\t\t\t\t\t<section class=\"elementor-section elementor-top-section elementor-element elementor-element-163f0c1d elementor-section-content-middle elementor-section-boxed elementor-section-height-default elementor-section-height-default sc_fly_static\" data-id=\"163f0c1d\" data-element_type=\"section\" data-settings=\"{&quot;background_background&quot;:&quot;classic&quot;}\">\n\t\t\t\t\t\t<div class=\"elementor-container elementor-column-gap-no\">\n\t\t\t\t\t<div class=\"elementor-column elementor-col-100 elementor-top-column elementor-element elementor-element-27a716ce sc_content_align_inherit sc_layouts_column_icons_position_left sc_fly_static\" data-id=\"27a716ce\" data-element_type=\"column\">\n\t\t\t<div class=\"elementor-widget-wrap elementor-element-populated\">\n\t\t\t\t\t\t<div class=\"elementor-element elementor-element-d950917 sc_fly_static elementor-widget elementor-widget-heading\" data-id=\"d950917\" data-element_type=\"widget\" data-widget_type=\"heading.default\">\n\t\t\t\t<div class=\"elementor-widget-container\">\n\t\t\t\t\t<h4 class=\"elementor-heading-title elementor-size-default\">Gallery 2017<\/h4>\t\t\t\t<\/div>\n\t\t\t\t<\/div>\n\t\t\t\t<div class=\"elementor-element elementor-element-634fcb85 gallery-spacing-custom sc_fly_static elementor-widget elementor-widget-image-gallery\" data-id=\"634fcb85\" data-element_type=\"widget\" data-widget_type=\"image-gallery.default\">\n\t\t\t\t<div class=\"elementor-widget-container\">\n\t\t\t\t\t\t\t<div class=\"elementor-image-gallery\">\n\t\t\t<div id='gallery-1' class='gallery galleryid-28657 gallery-columns-3 gallery-size-full'><figure class='gallery-item'>\n\t\t\t<div class='gallery-icon landscape'>\n\t\t\t\t<a data-elementor-open-lightbox=\"yes\" data-elementor-lightbox-slideshow=\"634fcb85\" data-elementor-lightbox-title=\"8\" data-e-action-hash=\"#elementor-action%3Aaction%3Dlightbox%26settings%3DeyJpZCI6Mjg2NjAsInVybCI6Imh0dHBzOlwvXC9wb3dlcnBsYXllcnMuc2tcL3dwLWNvbnRlbnRcL3VwbG9hZHNcLzIwMjVcLzAxXC84LTIucG5nIiwic2xpZGVzaG93IjoiNjM0ZmNiODUifQ%3D%3D\" href='https:\/\/powerplayers.sk\/wp-content\/uploads\/2025\/01\/8-2.png'><img fetchpriority=\"high\" decoding=\"async\" width=\"582\" height=\"300\" src=\"https:\/\/powerplayers.sk\/wp-content\/uploads\/2025\/01\/8-2.png\" class=\"attachment-full size-full\" alt=\"\" srcset=\"https:\/\/powerplayers.sk\/wp-content\/uploads\/2025\/01\/8-2.png 582w, https:\/\/powerplayers.sk\/wp-content\/uploads\/2025\/01\/8-2-300x155.png 300w, https:\/\/powerplayers.sk\/wp-content\/uploads\/2025\/01\/8-2-370x191.png 370w, https:\/\/powerplayers.sk\/wp-content\/uploads\/2025\/01\/8-2-410x211.png 410w\" sizes=\"(max-width: 600px) 100vw, 582px\" \/><\/a>\n\t\t\t<\/div><\/figure><figure class='gallery-item'>\n\t\t\t<div class='gallery-icon landscape'>\n\t\t\t\t<a data-elementor-open-lightbox=\"yes\" data-elementor-lightbox-slideshow=\"634fcb85\" data-elementor-lightbox-title=\"9\" data-e-action-hash=\"#elementor-action%3Aaction%3Dlightbox%26settings%3DeyJpZCI6Mjg2NjEsInVybCI6Imh0dHBzOlwvXC9wb3dlcnBsYXllcnMuc2tcL3dwLWNvbnRlbnRcL3VwbG9hZHNcLzIwMjVcLzAxXC85LTIucG5nIiwic2xpZGVzaG93IjoiNjM0ZmNiODUifQ%3D%3D\" href='https:\/\/powerplayers.sk\/wp-content\/uploads\/2025\/01\/9-2.png'><img decoding=\"async\" width=\"582\" height=\"300\" src=\"https:\/\/powerplayers.sk\/wp-content\/uploads\/2025\/01\/9-2.png\" class=\"attachment-full size-full\" alt=\"\" srcset=\"https:\/\/powerplayers.sk\/wp-content\/uploads\/2025\/01\/9-2.png 582w, https:\/\/powerplayers.sk\/wp-content\/uploads\/2025\/01\/9-2-300x155.png 300w, https:\/\/powerplayers.sk\/wp-content\/uploads\/2025\/01\/9-2-370x191.png 370w, https:\/\/powerplayers.sk\/wp-content\/uploads\/2025\/01\/9-2-410x211.png 410w\" sizes=\"(max-width: 600px) 100vw, 582px\" \/><\/a>\n\t\t\t<\/div><\/figure><figure class='gallery-item'>\n\t\t\t<div class='gallery-icon landscape'>\n\t\t\t\t<a data-elementor-open-lightbox=\"yes\" data-elementor-lightbox-slideshow=\"634fcb85\" data-elementor-lightbox-title=\"10\" data-e-action-hash=\"#elementor-action%3Aaction%3Dlightbox%26settings%3DeyJpZCI6Mjg2NjIsInVybCI6Imh0dHBzOlwvXC9wb3dlcnBsYXllcnMuc2tcL3dwLWNvbnRlbnRcL3VwbG9hZHNcLzIwMjVcLzAxXC8xMC0xLnBuZyIsInNsaWRlc2hvdyI6IjYzNGZjYjg1In0%3D\" href='https:\/\/powerplayers.sk\/wp-content\/uploads\/2025\/01\/10-1.png'><img decoding=\"async\" width=\"582\" height=\"300\" src=\"https:\/\/powerplayers.sk\/wp-content\/uploads\/2025\/01\/10-1.png\" class=\"attachment-full size-full\" alt=\"\" srcset=\"https:\/\/powerplayers.sk\/wp-content\/uploads\/2025\/01\/10-1.png 582w, https:\/\/powerplayers.sk\/wp-content\/uploads\/2025\/01\/10-1-300x155.png 300w, https:\/\/powerplayers.sk\/wp-content\/uploads\/2025\/01\/10-1-370x191.png 370w, https:\/\/powerplayers.sk\/wp-content\/uploads\/2025\/01\/10-1-410x211.png 410w\" sizes=\"(max-width: 600px) 100vw, 582px\" \/><\/a>\n\t\t\t<\/div><\/figure><figure class='gallery-item'>\n\t\t\t<div class='gallery-icon landscape'>\n\t\t\t\t<a data-elementor-open-lightbox=\"yes\" data-elementor-lightbox-slideshow=\"634fcb85\" data-elementor-lightbox-title=\"4\" data-e-action-hash=\"#elementor-action%3Aaction%3Dlightbox%26settings%3DeyJpZCI6Mjg2NjMsInVybCI6Imh0dHBzOlwvXC9wb3dlcnBsYXllcnMuc2tcL3dwLWNvbnRlbnRcL3VwbG9hZHNcLzIwMjVcLzAxXC80LTMucG5nIiwic2xpZGVzaG93IjoiNjM0ZmNiODUifQ%3D%3D\" href='https:\/\/powerplayers.sk\/wp-content\/uploads\/2025\/01\/4-3.png'><img loading=\"lazy\" decoding=\"async\" width=\"582\" height=\"300\" src=\"https:\/\/powerplayers.sk\/wp-content\/uploads\/2025\/01\/4-3.png\" class=\"attachment-full size-full\" alt=\"\" srcset=\"https:\/\/powerplayers.sk\/wp-content\/uploads\/2025\/01\/4-3.png 582w, https:\/\/powerplayers.sk\/wp-content\/uploads\/2025\/01\/4-3-300x155.png 300w, https:\/\/powerplayers.sk\/wp-content\/uploads\/2025\/01\/4-3-370x191.png 370w, https:\/\/powerplayers.sk\/wp-content\/uploads\/2025\/01\/4-3-410x211.png 410w\" sizes=\"(max-width: 600px) 100vw, 582px\" \/><\/a>\n\t\t\t<\/div><\/figure><figure class='gallery-item'>\n\t\t\t<div class='gallery-icon landscape'>\n\t\t\t\t<a data-elementor-open-lightbox=\"yes\" data-elementor-lightbox-slideshow=\"634fcb85\" data-elementor-lightbox-title=\"5\" data-e-action-hash=\"#elementor-action%3Aaction%3Dlightbox%26settings%3DeyJpZCI6Mjg2NjQsInVybCI6Imh0dHBzOlwvXC9wb3dlcnBsYXllcnMuc2tcL3dwLWNvbnRlbnRcL3VwbG9hZHNcLzIwMjVcLzAxXC81LTIucG5nIiwic2xpZGVzaG93IjoiNjM0ZmNiODUifQ%3D%3D\" href='https:\/\/powerplayers.sk\/wp-content\/uploads\/2025\/01\/5-2.png'><img loading=\"lazy\" decoding=\"async\" width=\"582\" height=\"300\" src=\"https:\/\/powerplayers.sk\/wp-content\/uploads\/2025\/01\/5-2.png\" class=\"attachment-full size-full\" alt=\"\" srcset=\"https:\/\/powerplayers.sk\/wp-content\/uploads\/2025\/01\/5-2.png 582w, https:\/\/powerplayers.sk\/wp-content\/uploads\/2025\/01\/5-2-300x155.png 300w, https:\/\/powerplayers.sk\/wp-content\/uploads\/2025\/01\/5-2-370x191.png 370w, https:\/\/powerplayers.sk\/wp-content\/uploads\/2025\/01\/5-2-410x211.png 410w\" sizes=\"(max-width: 600px) 100vw, 582px\" \/><\/a>\n\t\t\t<\/div><\/figure><figure class='gallery-item'>\n\t\t\t<div class='gallery-icon landscape'>\n\t\t\t\t<a data-elementor-open-lightbox=\"yes\" data-elementor-lightbox-slideshow=\"634fcb85\" data-elementor-lightbox-title=\"7\" data-e-action-hash=\"#elementor-action%3Aaction%3Dlightbox%26settings%3DeyJpZCI6Mjg2NjUsInVybCI6Imh0dHBzOlwvXC9wb3dlcnBsYXllcnMuc2tcL3dwLWNvbnRlbnRcL3VwbG9hZHNcLzIwMjVcLzAxXC83LTIucG5nIiwic2xpZGVzaG93IjoiNjM0ZmNiODUifQ%3D%3D\" href='https:\/\/powerplayers.sk\/wp-content\/uploads\/2025\/01\/7-2.png'><img loading=\"lazy\" decoding=\"async\" width=\"582\" height=\"300\" src=\"https:\/\/powerplayers.sk\/wp-content\/uploads\/2025\/01\/7-2.png\" class=\"attachment-full size-full\" alt=\"\" srcset=\"https:\/\/powerplayers.sk\/wp-content\/uploads\/2025\/01\/7-2.png 582w, https:\/\/powerplayers.sk\/wp-content\/uploads\/2025\/01\/7-2-300x155.png 300w, https:\/\/powerplayers.sk\/wp-content\/uploads\/2025\/01\/7-2-370x191.png 370w, https:\/\/powerplayers.sk\/wp-content\/uploads\/2025\/01\/7-2-410x211.png 410w\" sizes=\"(max-width: 600px) 100vw, 582px\" \/><\/a>\n\t\t\t<\/div><\/figure><figure class='gallery-item'>\n\t\t\t<div class='gallery-icon landscape'>\n\t\t\t\t<a data-elementor-open-lightbox=\"yes\" data-elementor-lightbox-slideshow=\"634fcb85\" data-elementor-lightbox-title=\"6\" data-e-action-hash=\"#elementor-action%3Aaction%3Dlightbox%26settings%3DeyJpZCI6Mjg2NjYsInVybCI6Imh0dHBzOlwvXC9wb3dlcnBsYXllcnMuc2tcL3dwLWNvbnRlbnRcL3VwbG9hZHNcLzIwMjVcLzAxXC82LTIucG5nIiwic2xpZGVzaG93IjoiNjM0ZmNiODUifQ%3D%3D\" href='https:\/\/powerplayers.sk\/wp-content\/uploads\/2025\/01\/6-2.png'><img loading=\"lazy\" decoding=\"async\" width=\"582\" height=\"300\" src=\"https:\/\/powerplayers.sk\/wp-content\/uploads\/2025\/01\/6-2.png\" class=\"attachment-full size-full\" alt=\"\" srcset=\"https:\/\/powerplayers.sk\/wp-content\/uploads\/2025\/01\/6-2.png 582w, https:\/\/powerplayers.sk\/wp-content\/uploads\/2025\/01\/6-2-300x155.png 300w, https:\/\/powerplayers.sk\/wp-content\/uploads\/2025\/01\/6-2-370x191.png 370w, https:\/\/powerplayers.sk\/wp-content\/uploads\/2025\/01\/6-2-410x211.png 410w\" sizes=\"(max-width: 600px) 100vw, 582px\" \/><\/a>\n\t\t\t<\/div><\/figure><figure class='gallery-item'>\n\t\t\t<div class='gallery-icon landscape'>\n\t\t\t\t<a data-elementor-open-lightbox=\"yes\" data-elementor-lightbox-slideshow=\"634fcb85\" data-elementor-lightbox-title=\"2\" data-e-action-hash=\"#elementor-action%3Aaction%3Dlightbox%26settings%3DeyJpZCI6Mjg2NjcsInVybCI6Imh0dHBzOlwvXC9wb3dlcnBsYXllcnMuc2tcL3dwLWNvbnRlbnRcL3VwbG9hZHNcLzIwMjVcLzAxXC8yLTMucG5nIiwic2xpZGVzaG93IjoiNjM0ZmNiODUifQ%3D%3D\" href='https:\/\/powerplayers.sk\/wp-content\/uploads\/2025\/01\/2-3.png'><img loading=\"lazy\" decoding=\"async\" width=\"582\" height=\"300\" src=\"https:\/\/powerplayers.sk\/wp-content\/uploads\/2025\/01\/2-3.png\" class=\"attachment-full size-full\" alt=\"\" srcset=\"https:\/\/powerplayers.sk\/wp-content\/uploads\/2025\/01\/2-3.png 582w, https:\/\/powerplayers.sk\/wp-content\/uploads\/2025\/01\/2-3-300x155.png 300w, https:\/\/powerplayers.sk\/wp-content\/uploads\/2025\/01\/2-3-370x191.png 370w, https:\/\/powerplayers.sk\/wp-content\/uploads\/2025\/01\/2-3-410x211.png 410w\" sizes=\"(max-width: 600px) 100vw, 582px\" \/><\/a>\n\t\t\t<\/div><\/figure><figure class='gallery-item'>\n\t\t\t<div class='gallery-icon landscape'>\n\t\t\t\t<a data-elementor-open-lightbox=\"yes\" data-elementor-lightbox-slideshow=\"634fcb85\" data-elementor-lightbox-title=\"3\" data-e-action-hash=\"#elementor-action%3Aaction%3Dlightbox%26settings%3DeyJpZCI6Mjg2NjgsInVybCI6Imh0dHBzOlwvXC9wb3dlcnBsYXllcnMuc2tcL3dwLWNvbnRlbnRcL3VwbG9hZHNcLzIwMjVcLzAxXC8zLTMucG5nIiwic2xpZGVzaG93IjoiNjM0ZmNiODUifQ%3D%3D\" href='https:\/\/powerplayers.sk\/wp-content\/uploads\/2025\/01\/3-3.png'><img loading=\"lazy\" decoding=\"async\" width=\"582\" height=\"300\" src=\"https:\/\/powerplayers.sk\/wp-content\/uploads\/2025\/01\/3-3.png\" class=\"attachment-full size-full\" alt=\"\" srcset=\"https:\/\/powerplayers.sk\/wp-content\/uploads\/2025\/01\/3-3.png 582w, https:\/\/powerplayers.sk\/wp-content\/uploads\/2025\/01\/3-3-300x155.png 300w, https:\/\/powerplayers.sk\/wp-content\/uploads\/2025\/01\/3-3-370x191.png 370w, https:\/\/powerplayers.sk\/wp-content\/uploads\/2025\/01\/3-3-410x211.png 410w\" sizes=\"(max-width: 600px) 100vw, 582px\" \/><\/a>\n\t\t\t<\/div><\/figure><figure class='gallery-item'>\n\t\t\t<div class='gallery-icon landscape'>\n\t\t\t\t<a data-elementor-open-lightbox=\"yes\" data-elementor-lightbox-slideshow=\"634fcb85\" data-elementor-lightbox-title=\"1\" data-e-action-hash=\"#elementor-action%3Aaction%3Dlightbox%26settings%3DeyJpZCI6Mjg2NjksInVybCI6Imh0dHBzOlwvXC9wb3dlcnBsYXllcnMuc2tcL3dwLWNvbnRlbnRcL3VwbG9hZHNcLzIwMjVcLzAxXC8xLTMucG5nIiwic2xpZGVzaG93IjoiNjM0ZmNiODUifQ%3D%3D\" href='https:\/\/powerplayers.sk\/wp-content\/uploads\/2025\/01\/1-3.png'><img loading=\"lazy\" decoding=\"async\" width=\"582\" height=\"300\" src=\"https:\/\/powerplayers.sk\/wp-content\/uploads\/2025\/01\/1-3.png\" class=\"attachment-full size-full\" alt=\"\" srcset=\"https:\/\/powerplayers.sk\/wp-content\/uploads\/2025\/01\/1-3.png 582w, https:\/\/powerplayers.sk\/wp-content\/uploads\/2025\/01\/1-3-300x155.png 300w, https:\/\/powerplayers.sk\/wp-content\/uploads\/2025\/01\/1-3-370x191.png 370w, https:\/\/powerplayers.sk\/wp-content\/uploads\/2025\/01\/1-3-410x211.png 410w\" sizes=\"(max-width: 600px) 100vw, 582px\" \/><\/a>\n\t\t\t<\/div><\/figure>\n\t\t<\/div>\n\t\t<\/div>\n\t\t\t\t\t\t<\/div>\n\t\t\t\t<\/div>\n\t\t\t\t\t<\/div>\n\t\t<\/div>\n\t\t\t\t\t<\/div>\n\t\t<\/section>\n\t\t\t\t<section class=\"elementor-section elementor-top-section elementor-element elementor-element-66367a68 elementor-section-full_width elementor-section-height-min-height elementor-section-height-default elementor-section-items-middle sc_fly_static\" data-id=\"66367a68\" data-element_type=\"section\" data-settings=\"{&quot;background_background&quot;:&quot;classic&quot;}\">\n\t\t\t\t\t\t\t<div class=\"elementor-background-overlay\"><\/div>\n\t\t\t\t\t\t\t<div class=\"elementor-container elementor-column-gap-extended\">\n\t\t\t\t\t<div class=\"elementor-column elementor-col-100 elementor-top-column elementor-element elementor-element-5ed2b6ba sc_layouts_column_align_center sc_layouts_column sc_content_align_inherit sc_layouts_column_icons_position_left sc_fly_static\" data-id=\"5ed2b6ba\" data-element_type=\"column\">\n\t\t\t<div class=\"elementor-widget-wrap elementor-element-populated\">\n\t\t\t\t\t\t<div class=\"elementor-element elementor-element-3739a240 elementor-align-center round-square elementor-widget__width-auto sc_fly_static elementor-widget elementor-widget-button\" data-id=\"3739a240\" data-element_type=\"widget\" data-widget_type=\"button.default\">\n\t\t\t\t<div class=\"elementor-widget-container\">\n\t\t\t\t\t\t\t\t\t<div class=\"elementor-button-wrapper\">\n\t\t\t\t\t<a class=\"elementor-button elementor-button-link elementor-size-sm\" href=\"https:\/\/www.youtube.com\/watch?v=G8jGXYrZaEE\">\n\t\t\t\t\t\t<span class=\"elementor-button-content-wrapper\">\n\t\t\t\t\t\t\t\t\t<span class=\"elementor-button-text\">PREHRA\u0164<\/span>\n\t\t\t\t\t<\/span>\n\t\t\t\t\t<\/a>\n\t\t\t\t<\/div>\n\t\t\t\t\t\t\t\t<\/div>\n\t\t\t\t<\/div>\n\t\t\t\t\t<\/div>\n\t\t<\/div>\n\t\t\t\t\t<\/div>\n\t\t<\/section>\n\t\t\t\t<\/div>","protected":false},"excerpt":{"rendered":"<p>Gal\u00e9ria 2017 PREHRA\u0164 Layouts: Popup<\/p>","protected":false},"author":1,"featured_media":0,"parent":0,"menu_order":0,"comment_status":"closed","ping_status":"closed","template":"elementor_header_footer","meta":{"footnotes":""},"class_list":["post-28657","page","type-page","status-publish","hentry"],"yoast_head":"<!-- This site is optimized with the Yoast SEO plugin v23.9 - https:\/\/yoast.com\/wordpress\/plugins\/seo\/ -->\n<title>gal\u00e9ria 2017 - powerplayers.sk<\/title>\n<meta name=\"robots\" content=\"index, follow, max-snippet:-1, max-image-preview:large, max-video-preview:-1\" \/>\n<link rel=\"canonical\" href=\"https:\/\/powerplayers.sk\/en\/galeria-2017\/\" \/>\n<meta property=\"og:locale\" content=\"en_GB\" \/>\n<meta property=\"og:type\" content=\"article\" \/>\n<meta property=\"og:title\" content=\"gal\u00e9ria 2017 - powerplayers.sk\" \/>\n<meta property=\"og:description\" content=\"Gal\u00e9ria 2017 PREHRA\u0164 Layouts: Popup\" \/>\n<meta property=\"og:url\" content=\"https:\/\/powerplayers.sk\/en\/galeria-2017\/\" \/>\n<meta property=\"og:site_name\" content=\"powerplayers.sk\" \/>\n<meta property=\"article:modified_time\" content=\"2025-01-07T10:14:48+00:00\" \/>\n<meta property=\"og:image\" content=\"https:\/\/powerplayers.sk\/wp-content\/uploads\/2025\/01\/8-2.png\" \/>\n<meta name=\"twitter:card\" content=\"summary_large_image\" \/>\n<meta name=\"twitter:label1\" content=\"Estimated reading time\" \/>\n\t<meta name=\"twitter:data1\" content=\"3 minutes\" \/>\n<script type=\"application\/ld+json\" class=\"yoast-schema-graph\">{\"@context\":\"https:\/\/schema.org\",\"@graph\":[{\"@type\":\"WebPage\",\"@id\":\"https:\/\/powerplayers.sk\/galeria-2017\/\",\"url\":\"https:\/\/powerplayers.sk\/galeria-2017\/\",\"name\":\"gal\u00e9ria 2017 - powerplayers.sk\",\"isPartOf\":{\"@id\":\"https:\/\/powerplayers.sk\/#website\"},\"primaryImageOfPage\":{\"@id\":\"https:\/\/powerplayers.sk\/galeria-2017\/#primaryimage\"},\"image\":{\"@id\":\"https:\/\/powerplayers.sk\/galeria-2017\/#primaryimage\"},\"thumbnailUrl\":\"https:\/\/powerplayers.sk\/wp-content\/uploads\/2025\/01\/8-2.png\",\"datePublished\":\"2025-01-07T10:07:51+00:00\",\"dateModified\":\"2025-01-07T10:14:48+00:00\",\"breadcrumb\":{\"@id\":\"https:\/\/powerplayers.sk\/galeria-2017\/#breadcrumb\"},\"inLanguage\":\"en-GB\",\"potentialAction\":[{\"@type\":\"ReadAction\",\"target\":[\"https:\/\/powerplayers.sk\/galeria-2017\/\"]}]},{\"@type\":\"ImageObject\",\"inLanguage\":\"en-GB\",\"@id\":\"https:\/\/powerplayers.sk\/galeria-2017\/#primaryimage\",\"url\":\"https:\/\/powerplayers.sk\/wp-content\/uploads\/2025\/01\/8-2.png\",\"contentUrl\":\"https:\/\/powerplayers.sk\/wp-content\/uploads\/2025\/01\/8-2.png\"},{\"@type\":\"BreadcrumbList\",\"@id\":\"https:\/\/powerplayers.sk\/galeria-2017\/#breadcrumb\",\"itemListElement\":[{\"@type\":\"ListItem\",\"position\":1,\"name\":\"Domovsk\u00e1 str\u00e1nka\",\"item\":\"https:\/\/powerplayers.sk\/\"},{\"@type\":\"ListItem\",\"position\":2,\"name\":\"gal\u00e9ria 2017\"}]},{\"@type\":\"WebSite\",\"@id\":\"https:\/\/powerplayers.sk\/#website\",\"url\":\"https:\/\/powerplayers.sk\/\",\"name\":\"powerplayers.sk\",\"description\":\"Hokej pre teba\",\"publisher\":{\"@id\":\"https:\/\/powerplayers.sk\/#organization\"},\"potentialAction\":[{\"@type\":\"SearchAction\",\"target\":{\"@type\":\"EntryPoint\",\"urlTemplate\":\"https:\/\/powerplayers.sk\/?s={search_term_string}\"},\"query-input\":{\"@type\":\"PropertyValueSpecification\",\"valueRequired\":true,\"valueName\":\"search_term_string\"}}],\"inLanguage\":\"en-GB\"},{\"@type\":\"Organization\",\"@id\":\"https:\/\/powerplayers.sk\/#organization\",\"name\":\"powerplayers.sk\",\"url\":\"https:\/\/powerplayers.sk\/\",\"logo\":{\"@type\":\"ImageObject\",\"inLanguage\":\"en-GB\",\"@id\":\"https:\/\/powerplayers.sk\/#\/schema\/logo\/image\/\",\"url\":\"https:\/\/powerplayers.sk\/wp-content\/uploads\/2023\/03\/logo_powerplayers-removebg-preview.png\",\"contentUrl\":\"https:\/\/powerplayers.sk\/wp-content\/uploads\/2023\/03\/logo_powerplayers-removebg-preview.png\",\"width\":225,\"height\":225,\"caption\":\"powerplayers.sk\"},\"image\":{\"@id\":\"https:\/\/powerplayers.sk\/#\/schema\/logo\/image\/\"}}]}<\/script>\n<!-- \/ Yoast SEO plugin. -->","yoast_head_json":{"title":"gal\u00e9ria 2017 - powerplayers.sk","robots":{"index":"index","follow":"follow","max-snippet":"max-snippet:-1","max-image-preview":"max-image-preview:large","max-video-preview":"max-video-preview:-1"},"canonical":"https:\/\/powerplayers.sk\/en\/galeria-2017\/","og_locale":"en_GB","og_type":"article","og_title":"gal\u00e9ria 2017 - powerplayers.sk","og_description":"Gal\u00e9ria 2017 PREHRA\u0164 Layouts: Popup","og_url":"https:\/\/powerplayers.sk\/en\/galeria-2017\/","og_site_name":"powerplayers.sk","article_modified_time":"2025-01-07T10:14:48+00:00","og_image":[{"url":"https:\/\/powerplayers.sk\/wp-content\/uploads\/2025\/01\/8-2.png"}],"twitter_card":"summary_large_image","twitter_misc":{"Estimated reading time":"3 minutes"},"schema":{"@context":"https:\/\/schema.org","@graph":[{"@type":"WebPage","@id":"https:\/\/powerplayers.sk\/galeria-2017\/","url":"https:\/\/powerplayers.sk\/galeria-2017\/","name":"gal\u00e9ria 2017 - powerplayers.sk","isPartOf":{"@id":"https:\/\/powerplayers.sk\/#website"},"primaryImageOfPage":{"@id":"https:\/\/powerplayers.sk\/galeria-2017\/#primaryimage"},"image":{"@id":"https:\/\/powerplayers.sk\/galeria-2017\/#primaryimage"},"thumbnailUrl":"https:\/\/powerplayers.sk\/wp-content\/uploads\/2025\/01\/8-2.png","datePublished":"2025-01-07T10:07:51+00:00","dateModified":"2025-01-07T10:14:48+00:00","breadcrumb":{"@id":"https:\/\/powerplayers.sk\/galeria-2017\/#breadcrumb"},"inLanguage":"en-GB","potentialAction":[{"@type":"ReadAction","target":["https:\/\/powerplayers.sk\/galeria-2017\/"]}]},{"@type":"ImageObject","inLanguage":"en-GB","@id":"https:\/\/powerplayers.sk\/galeria-2017\/#primaryimage","url":"https:\/\/powerplayers.sk\/wp-content\/uploads\/2025\/01\/8-2.png","contentUrl":"https:\/\/powerplayers.sk\/wp-content\/uploads\/2025\/01\/8-2.png"},{"@type":"BreadcrumbList","@id":"https:\/\/powerplayers.sk\/galeria-2017\/#breadcrumb","itemListElement":[{"@type":"ListItem","position":1,"name":"Domovsk\u00e1 str\u00e1nka","item":"https:\/\/powerplayers.sk\/"},{"@type":"ListItem","position":2,"name":"gal\u00e9ria 2017"}]},{"@type":"WebSite","@id":"https:\/\/powerplayers.sk\/#website","url":"https:\/\/powerplayers.sk\/","name":"powerplayers.sk","description":"Hokej pre teba","publisher":{"@id":"https:\/\/powerplayers.sk\/#organization"},"potentialAction":[{"@type":"SearchAction","target":{"@type":"EntryPoint","urlTemplate":"https:\/\/powerplayers.sk\/?s={search_term_string}"},"query-input":{"@type":"PropertyValueSpecification","valueRequired":true,"valueName":"search_term_string"}}],"inLanguage":"en-GB"},{"@type":"Organization","@id":"https:\/\/powerplayers.sk\/#organization","name":"powerplayers.sk","url":"https:\/\/powerplayers.sk\/","logo":{"@type":"ImageObject","inLanguage":"en-GB","@id":"https:\/\/powerplayers.sk\/#\/schema\/logo\/image\/","url":"https:\/\/powerplayers.sk\/wp-content\/uploads\/2023\/03\/logo_powerplayers-removebg-preview.png","contentUrl":"https:\/\/powerplayers.sk\/wp-content\/uploads\/2023\/03\/logo_powerplayers-removebg-preview.png","width":225,"height":225,"caption":"powerplayers.sk"},"image":{"@id":"https:\/\/powerplayers.sk\/#\/schema\/logo\/image\/"}}]}},"_links":{"self":[{"href":"https:\/\/powerplayers.sk\/en\/wp-json\/wp\/v2\/pages\/28657","targetHints":{"allow":["GET"]}}],"collection":[{"href":"https:\/\/powerplayers.sk\/en\/wp-json\/wp\/v2\/pages"}],"about":[{"href":"https:\/\/powerplayers.sk\/en\/wp-json\/wp\/v2\/types\/page"}],"author":[{"embeddable":true,"href":"https:\/\/powerplayers.sk\/en\/wp-json\/wp\/v2\/users\/1"}],"replies":[{"embeddable":true,"href":"https:\/\/powerplayers.sk\/en\/wp-json\/wp\/v2\/comments?post=28657"}],"version-history":[{"count":4,"href":"https:\/\/powerplayers.sk\/en\/wp-json\/wp\/v2\/pages\/28657\/revisions"}],"predecessor-version":[{"id":28672,"href":"https:\/\/powerplayers.sk\/en\/wp-json\/wp\/v2\/pages\/28657\/revisions\/28672"}],"wp:attachment":[{"href":"https:\/\/powerplayers.sk\/en\/wp-json\/wp\/v2\/media?parent=28657"}],"curies":[{"name":"wp","href":"https:\/\/api.w.org\/{rel}","templated":true}]}}