{"id":27650,"date":"2024-11-20T17:28:53","date_gmt":"2024-11-20T16:28:53","guid":{"rendered":"https:\/\/powerplayers.sk\/?page_id=27650"},"modified":"2024-12-08T12:09:21","modified_gmt":"2024-12-08T11:09:21","slug":"turnaje","status":"publish","type":"page","link":"https:\/\/powerplayers.sk\/en\/turnaje\/","title":{"rendered":"Turnaje"},"content":{"rendered":"<div data-elementor-type=\"wp-page\" data-elementor-id=\"27650\" class=\"elementor elementor-27650\" data-elementor-post-type=\"page\">\n\t\t\t\t\t\t<section class=\"elementor-section elementor-top-section elementor-element elementor-element-8a12e6b elementor-section-content-middle elementor-section-full_width elementor-section-height-default elementor-section-height-default sc_fly_static\" data-id=\"8a12e6b\" data-element_type=\"section\" data-settings=\"{&quot;background_background&quot;:&quot;classic&quot;}\">\n\t\t\t\t\t\t<div class=\"elementor-container elementor-column-gap-no\">\n\t\t\t\t\t<div class=\"elementor-column elementor-col-100 elementor-top-column elementor-element elementor-element-3b26e446 sc_content_align_inherit sc_layouts_column_icons_position_left sc_fly_static\" data-id=\"3b26e446\" data-element_type=\"column\">\n\t\t\t<div class=\"elementor-widget-wrap elementor-element-populated\">\n\t\t\t\t\t\t<div class=\"elementor-element elementor-element-fd8f987 sc_fly_static elementor-widget elementor-widget-heading\" data-id=\"fd8f987\" data-element_type=\"widget\" data-widget_type=\"heading.default\">\n\t\t\t\t<div class=\"elementor-widget-container\">\n\t\t\t\t\t<h4 class=\"elementor-heading-title elementor-size-default\">Turnaje<\/h4>\t\t\t\t<\/div>\n\t\t\t\t<\/div>\n\t\t\t\t<div class=\"elementor-element elementor-element-4a0a41f1 sc_fly_static elementor-widget elementor-widget-heading\" data-id=\"4a0a41f1\" data-element_type=\"widget\" data-widget_type=\"heading.default\">\n\t\t\t\t<div class=\"elementor-widget-container\">\n\t\t\t\t\t<h5 class=\"elementor-heading-title elementor-size-default\">It will push your boundaries one step further!<\/h5>\t\t\t\t<\/div>\n\t\t\t\t<\/div>\n\t\t\t\t<div class=\"elementor-element elementor-element-fd585d8 sc_fly_static elementor-widget elementor-widget-heading\" data-id=\"fd585d8\" data-element_type=\"widget\" data-widget_type=\"heading.default\">\n\t\t\t\t<div class=\"elementor-widget-container\">\n\t\t\t\t\t<h2 class=\"elementor-heading-title elementor-size-default\">Miesto, kde o\u017e\u00edva v\u00e1\u0161e\u0148 pre hokej \ud83c\udfd2\ud83e\udd45<\/h2>\t\t\t\t<\/div>\n\t\t\t\t<\/div>\n\t\t\t\t<div class=\"elementor-element elementor-element-a78118e sc_fly_static elementor-widget elementor-widget-text-editor\" data-id=\"a78118e\" data-element_type=\"widget\" data-widget_type=\"text-editor.default\">\n\t\t\t\t<div class=\"elementor-widget-container\">\n\t\t\t\t\t\t\t\t\t<p>Na\u0161e turnaje s\u00fa viac ne\u017e len \u0161portov\u00e9 podujatia \u2013 s\u00fa pr\u00edle\u017eitos\u0165ou za\u017ei\u0165 nezabudnute\u013en\u00e9 momenty, uk\u00e1za\u0165 svoje schopnosti a spozna\u0165 s\u00faperov i priate\u013eov na \u013eade.<\/p>\t\t\t\t\t\t\t\t<\/div>\n\t\t\t\t<\/div>\n\t\t\t\t\t<\/div>\n\t\t<\/div>\n\t\t\t\t\t<\/div>\n\t\t<\/section>\n\t\t\t\t<section class=\"elementor-section elementor-top-section elementor-element elementor-element-d6fed0b elementor-section-boxed elementor-section-height-default elementor-section-height-default sc_fly_static\" data-id=\"d6fed0b\" data-element_type=\"section\" data-settings=\"{&quot;background_background&quot;:&quot;classic&quot;}\">\n\t\t\t\t\t\t<div class=\"elementor-container elementor-column-gap-no\">\n\t\t\t\t\t<div class=\"elementor-column elementor-col-100 elementor-top-column elementor-element elementor-element-fe7cc2c sc_content_align_inherit sc_layouts_column_icons_position_left sc_fly_static\" data-id=\"fe7cc2c\" data-element_type=\"column\">\n\t\t\t<div class=\"elementor-widget-wrap elementor-element-populated\">\n\t\t\t\t\t\t<div class=\"elementor-element elementor-element-fe564fa sc_height_huge sc_fly_static elementor-widget elementor-widget-spacer\" data-id=\"fe564fa\" data-element_type=\"widget\" data-widget_type=\"spacer.default\">\n\t\t\t\t<div class=\"elementor-widget-container\">\n\t\t\t\t\t\t\t<div class=\"elementor-spacer\">\n\t\t\t<div class=\"elementor-spacer-inner\"><\/div>\n\t\t<\/div>\n\t\t\t\t\t\t<\/div>\n\t\t\t\t<\/div>\n\t\t\t\t<section class=\"elementor-section elementor-inner-section elementor-element elementor-element-1ba5683 elementor-section-boxed elementor-section-height-default elementor-section-height-default sc_fly_static\" data-id=\"1ba5683\" data-element_type=\"section\">\n\t\t\t\t\t\t<div class=\"elementor-container elementor-column-gap-no\">\n\t\t\t\t\t<div class=\"elementor-column elementor-col-50 elementor-inner-column elementor-element elementor-element-04374dc sc_content_align_inherit sc_layouts_column_icons_position_left sc_fly_static\" data-id=\"04374dc\" data-element_type=\"column\">\n\t\t\t<div class=\"elementor-widget-wrap elementor-element-populated\">\n\t\t\t\t\t\t<div class=\"elementor-element elementor-element-a393f17 scheme_default sc_fly_static elementor-widget elementor-widget-trx_sc_title\" data-id=\"a393f17\" data-element_type=\"widget\" data-widget_type=\"trx_sc_title.default\">\n\t\t\t\t<div class=\"elementor-widget-container\">\n\t\t\t\t\t<div\t\tclass=\"sc_title scheme_default sc_title_default\" ><span class=\"sc_item_subtitle sc_title_subtitle sc_item_subtitle_above sc_item_title_style_default sc_item_subtitle_with_custom_color trx_addons_inline_636556338\">Contact us<\/span><h1 class=\"sc_item_title sc_title_title sc_item_title_style_default sc_item_title_tag trx_addons_inline_1227031778\"\n\t\t\t><span class=\"sc_item_title_text\">Do you have questions? <br>Connect with us!<\/span><\/h1><div class=\"sc_item_descr sc_title_descr sc_item_descr_with_custom_color trx_addons_inline_372694488\"><p>Contact us for any questions or further information about our training programs and academy.<\/p>\n<\/div><\/div>\t\t\t\t<\/div>\n\t\t\t\t<\/div>\n\t\t\t\t<div class=\"elementor-element elementor-element-c2cbc2c sc_fly_static elementor-widget elementor-widget-spacer\" data-id=\"c2cbc2c\" data-element_type=\"widget\" data-widget_type=\"spacer.default\">\n\t\t\t\t<div class=\"elementor-widget-container\">\n\t\t\t\t\t\t\t<div class=\"elementor-spacer\">\n\t\t\t<div class=\"elementor-spacer-inner\"><\/div>\n\t\t<\/div>\n\t\t\t\t\t\t<\/div>\n\t\t\t\t<\/div>\n\t\t\t\t<div class=\"elementor-element elementor-element-70b6c62 elementor-icon-list--layout-traditional elementor-list-item-link-full_width sc_fly_static elementor-widget elementor-widget-icon-list\" data-id=\"70b6c62\" data-element_type=\"widget\" data-widget_type=\"icon-list.default\">\n\t\t\t\t<div class=\"elementor-widget-container\">\n\t\t\t\t\t\t\t<ul class=\"elementor-icon-list-items\">\n\t\t\t\t\t\t\t<li class=\"elementor-icon-list-item\">\n\t\t\t\t\t\t\t\t\t\t\t<span class=\"elementor-icon-list-icon\">\n\t\t\t\t\t\t\t<i aria-hidden=\"true\" class=\"fas fa-phone-alt\"><\/i>\t\t\t\t\t\t<\/span>\n\t\t\t\t\t\t\t\t\t\t<span class=\"elementor-icon-list-text\">+ 43 660 870 3980<\/span>\n\t\t\t\t\t\t\t\t\t<\/li>\n\t\t\t\t\t\t\t\t<li class=\"elementor-icon-list-item\">\n\t\t\t\t\t\t\t\t\t\t\t<a href=\"http:\/\/hantak\">\n\n\t\t\t\t\t\t\t\t\t\t\t\t<span class=\"elementor-icon-list-icon\">\n\t\t\t\t\t\t\t<i aria-hidden=\"true\" class=\"fas fa-mail-bulk\"><\/i>\t\t\t\t\t\t<\/span>\n\t\t\t\t\t\t\t\t\t\t<span class=\"elementor-icon-list-text\">hantakhockey@gmail.com<\/span>\n\t\t\t\t\t\t\t\t\t\t\t<\/a>\n\t\t\t\t\t\t\t\t\t<\/li>\n\t\t\t\t\t\t\t\t<li class=\"elementor-icon-list-item\">\n\t\t\t\t\t\t\t\t\t\t\t<span class=\"elementor-icon-list-icon\">\n\t\t\t\t\t\t\t<i aria-hidden=\"true\" class=\"fas fa-location-arrow\"><\/i>\t\t\t\t\t\t<\/span>\n\t\t\t\t\t\t\t\t\t\t<span class=\"elementor-icon-list-text\">Parkbadstrasse 6 2460 Bruck an der Leitha, Austria<\/span>\n\t\t\t\t\t\t\t\t\t<\/li>\n\t\t\t\t\t\t<\/ul>\n\t\t\t\t\t\t<\/div>\n\t\t\t\t<\/div>\n\t\t\t\t\t<\/div>\n\t\t<\/div>\n\t\t\t\t<div class=\"elementor-column elementor-col-50 elementor-inner-column elementor-element elementor-element-06aa9f6 sc_content_align_inherit sc_layouts_column_icons_position_left sc_fly_static\" data-id=\"06aa9f6\" data-element_type=\"column\">\n\t\t\t<div class=\"elementor-widget-wrap elementor-element-populated\">\n\t\t\t\t\t\t<div class=\"elementor-element elementor-element-c88d277 sc_fly_static elementor-widget elementor-widget-spacer\" data-id=\"c88d277\" data-element_type=\"widget\" data-widget_type=\"spacer.default\">\n\t\t\t\t<div class=\"elementor-widget-container\">\n\t\t\t\t\t\t\t<div class=\"elementor-spacer\">\n\t\t\t<div class=\"elementor-spacer-inner\"><\/div>\n\t\t<\/div>\n\t\t\t\t\t\t<\/div>\n\t\t\t\t<\/div>\n\t\t\t\t<div class=\"elementor-element elementor-element-461cb11 elementor-button-align-stretch sc_fly_static elementor-widget elementor-widget-form\" data-id=\"461cb11\" data-element_type=\"widget\" data-settings=\"{&quot;step_next_label&quot;:&quot;\\u010eal\\u0161ie&quot;,&quot;step_previous_label&quot;:&quot;Predo\\u0161l\\u00e9&quot;,&quot;button_width&quot;:&quot;100&quot;,&quot;step_type&quot;:&quot;number_text&quot;,&quot;step_icon_shape&quot;:&quot;circle&quot;}\" data-widget_type=\"form.default\">\n\t\t\t\t<div class=\"elementor-widget-container\">\n\t\t\t\t\t\t\t<form class=\"elementor-form\" method=\"post\" name=\"New Form\" action=\"\">\n\t\t\t<input type=\"hidden\" name=\"post_id\" value=\"27650\"\/>\n\t\t\t<input type=\"hidden\" name=\"form_id\" value=\"461cb11\"\/>\n\t\t\t<input type=\"hidden\" name=\"referer_title\" value=\"powerplayers.sk\" \/>\n\n\t\t\t\n\t\t\t<div class=\"elementor-form-fields-wrapper elementor-labels-above\">\n\t\t\t\t\t\t\t\t<div class=\"elementor-field-type-text elementor-field-group elementor-column elementor-field-group-name elementor-col-100\">\n\t\t\t\t\t\t\t\t\t\t\t\t<label for=\"form-field-name\" class=\"elementor-field-label\">\n\t\t\t\t\t\t\t\tName\t\t\t\t\t\t\t<\/label>\n\t\t\t\t\t\t\t\t\t\t\t\t\t\t<input size=\"1\" type=\"text\" name=\"form_fields[name]\" id=\"form-field-name\" class=\"elementor-field elementor-size-sm  elementor-field-textual\" placeholder=\"Name\">\n\t\t\t\t\t\t\t\t\t\t\t<\/div>\n\t\t\t\t\t\t\t\t<div class=\"elementor-field-type-email elementor-field-group elementor-column elementor-field-group-email elementor-col-100 elementor-field-required\">\n\t\t\t\t\t\t\t\t\t\t\t\t<label for=\"form-field-email\" class=\"elementor-field-label\">\n\t\t\t\t\t\t\t\tEmail\t\t\t\t\t\t\t<\/label>\n\t\t\t\t\t\t\t\t\t\t\t\t\t\t<input size=\"1\" type=\"email\" name=\"form_fields[email]\" id=\"form-field-email\" class=\"elementor-field elementor-size-sm  elementor-field-textual\" placeholder=\"Email\" required=\"required\" aria-required=\"true\">\n\t\t\t\t\t\t\t\t\t\t\t<\/div>\n\t\t\t\t\t\t\t\t<div class=\"elementor-field-type-textarea elementor-field-group elementor-column elementor-field-group-message elementor-col-100\">\n\t\t\t\t\t\t\t\t\t\t\t\t<label for=\"form-field-message\" class=\"elementor-field-label\">\n\t\t\t\t\t\t\t\tMessage\t\t\t\t\t\t\t<\/label>\n\t\t\t\t\t\t<textarea class=\"elementor-field-textual elementor-field  elementor-size-sm\" name=\"form_fields[message]\" id=\"form-field-message\" rows=\"4\" placeholder=\"Message\"><\/textarea>\t\t\t\t<\/div>\n\t\t\t\t\t\t\t\t<div class=\"elementor-field-type-upload elementor-field-group elementor-column elementor-field-group-field_b264dd2 elementor-col-100\">\n\t\t\t\t\t\t\t\t\t\t\t\t<label for=\"form-field-field_b264dd2\" class=\"elementor-field-label\">\n\t\t\t\t\t\t\t\tUpload a training video (if the file size exceeds 256mb, upload the video to an online drive and please insert a link to this video in the message section.)\t\t\t\t\t\t\t<\/label>\n\t\t\t\t\t\t\t\t<input type=\"file\" name=\"form_fields[field_b264dd2]\" id=\"form-field-field_b264dd2\" class=\"elementor-field elementor-size-sm  elementor-upload-field\" data-maxsize=\"256\" data-maxsize-message=\"This file exceeds the maximum allowed size.\">\n\n\t\t\t\t\t\t<\/div>\n\t\t\t\t\t\t\t\t<div class=\"elementor-field-group elementor-column elementor-field-type-submit elementor-col-100 e-form__buttons\">\n\t\t\t\t\t<button class=\"elementor-button elementor-size-sm\" type=\"submit\">\n\t\t\t\t\t\t<span class=\"elementor-button-content-wrapper\">\n\t\t\t\t\t\t\t\t\t\t\t\t\t\t\t\t\t\t\t\t\t\t<span class=\"elementor-button-text\">Send<\/span>\n\t\t\t\t\t\t\t\t\t\t\t\t\t<\/span>\n\t\t\t\t\t<\/button>\n\t\t\t\t<\/div>\n\t\t\t<\/div>\n\t\t<input type=\"hidden\" name=\"trp-form-language\" value=\"en\"\/><\/form>\n\t\t\t\t\t\t<\/div>\n\t\t\t\t<\/div>\n\t\t\t\t\t<\/div>\n\t\t<\/div>\n\t\t\t\t\t<\/div>\n\t\t<\/section>\n\t\t\t\t<div class=\"elementor-element elementor-element-0c09610 sc_height_huge sc_fly_static elementor-widget elementor-widget-spacer\" data-id=\"0c09610\" data-element_type=\"widget\" data-widget_type=\"spacer.default\">\n\t\t\t\t<div class=\"elementor-widget-container\">\n\t\t\t\t\t\t\t<div class=\"elementor-spacer\">\n\t\t\t<div class=\"elementor-spacer-inner\"><\/div>\n\t\t<\/div>\n\t\t\t\t\t\t<\/div>\n\t\t\t\t<\/div>\n\t\t\t\t\t<\/div>\n\t\t<\/div>\n\t\t\t\t\t<\/div>\n\t\t<\/section>\n\t\t\t\t<section class=\"elementor-section elementor-top-section elementor-element elementor-element-53715141 elementor-section-full_width elementor-section-height-min-height elementor-section-height-default elementor-section-items-middle sc_fly_static\" data-id=\"53715141\" data-element_type=\"section\" data-settings=\"{&quot;background_background&quot;:&quot;classic&quot;}\">\n\t\t\t\t\t\t\t<div class=\"elementor-background-overlay\"><\/div>\n\t\t\t\t\t\t\t<div class=\"elementor-container elementor-column-gap-extended\">\n\t\t\t\t\t<div class=\"elementor-column elementor-col-100 elementor-top-column elementor-element elementor-element-215f71cc sc_layouts_column_align_center sc_layouts_column sc_content_align_inherit sc_layouts_column_icons_position_left sc_fly_static\" data-id=\"215f71cc\" data-element_type=\"column\">\n\t\t\t<div class=\"elementor-widget-wrap elementor-element-populated\">\n\t\t\t\t\t\t<div class=\"elementor-element elementor-element-200380ae elementor-align-center round-square elementor-widget__width-auto sc_fly_static elementor-widget elementor-widget-button\" data-id=\"200380ae\" data-element_type=\"widget\" data-widget_type=\"button.default\">\n\t\t\t\t<div class=\"elementor-widget-container\">\n\t\t\t\t\t\t\t\t\t<div class=\"elementor-button-wrapper\">\n\t\t\t\t\t<a class=\"elementor-button elementor-button-link elementor-size-sm\" href=\"https:\/\/powerplayers.sk\/wp-content\/uploads\/2024\/10\/lions.mp4\">\n\t\t\t\t\t\t<span class=\"elementor-button-content-wrapper\">\n\t\t\t\t\t\t\t\t\t<span class=\"elementor-button-text\">PREHRA\u0164<\/span>\n\t\t\t\t\t<\/span>\n\t\t\t\t\t<\/a>\n\t\t\t\t<\/div>\n\t\t\t\t\t\t\t\t<\/div>\n\t\t\t\t<\/div>\n\t\t\t\t\t<\/div>\n\t\t<\/div>\n\t\t\t\t\t<\/div>\n\t\t<\/section>\n\t\t\t\t<\/div>","protected":false},"excerpt":{"rendered":"<p>Turnaje Posunie va\u0161e hranice o krok vpred! Miesto, kde o\u017e\u00edva v\u00e1\u0161e\u0148 pre hokej ???????? Na\u0161e turnaje s\u00fa viac ne\u017e len \u0161portov\u00e9 podujatia \u2013 s\u00fa pr\u00edle\u017eitos\u0165ou za\u017ei\u0165 nezabudnute\u013en\u00e9 momenty, uk\u00e1za\u0165 svoje&hellip;<\/p>","protected":false},"author":2,"featured_media":0,"parent":0,"menu_order":0,"comment_status":"closed","ping_status":"closed","template":"elementor_header_footer","meta":{"footnotes":""},"class_list":["post-27650","page","type-page","status-publish","hentry"],"yoast_head":"<!-- This site is optimized with the Yoast SEO plugin v23.9 - https:\/\/yoast.com\/wordpress\/plugins\/seo\/ -->\n<title>Turnaje - powerplayers.sk<\/title>\n<meta name=\"robots\" content=\"index, follow, max-snippet:-1, max-image-preview:large, max-video-preview:-1\" \/>\n<link rel=\"canonical\" href=\"https:\/\/powerplayers.sk\/en\/turnaje\/\" \/>\n<meta property=\"og:locale\" content=\"en_GB\" \/>\n<meta property=\"og:type\" content=\"article\" \/>\n<meta property=\"og:title\" content=\"Turnaje - powerplayers.sk\" \/>\n<meta property=\"og:description\" content=\"Turnaje Posunie va\u0161e hranice o krok vpred! Miesto, kde o\u017e\u00edva v\u00e1\u0161e\u0148 pre hokej ???????? Na\u0161e turnaje s\u00fa viac ne\u017e len \u0161portov\u00e9 podujatia \u2013 s\u00fa pr\u00edle\u017eitos\u0165ou za\u017ei\u0165 nezabudnute\u013en\u00e9 momenty, uk\u00e1za\u0165 svoje&hellip;\" \/>\n<meta property=\"og:url\" content=\"https:\/\/powerplayers.sk\/en\/turnaje\/\" \/>\n<meta property=\"og:site_name\" content=\"powerplayers.sk\" \/>\n<meta property=\"article:modified_time\" content=\"2024-12-08T11:09:21+00:00\" \/>\n<meta name=\"twitter:card\" content=\"summary_large_image\" \/>\n<meta name=\"twitter:label1\" content=\"Estimated reading time\" \/>\n\t<meta name=\"twitter:data1\" content=\"1 minute\" \/>\n<script type=\"application\/ld+json\" class=\"yoast-schema-graph\">{\"@context\":\"https:\/\/schema.org\",\"@graph\":[{\"@type\":\"WebPage\",\"@id\":\"https:\/\/powerplayers.sk\/turnaje\/\",\"url\":\"https:\/\/powerplayers.sk\/turnaje\/\",\"name\":\"Turnaje - powerplayers.sk\",\"isPartOf\":{\"@id\":\"https:\/\/powerplayers.sk\/#website\"},\"datePublished\":\"2024-11-20T16:28:53+00:00\",\"dateModified\":\"2024-12-08T11:09:21+00:00\",\"breadcrumb\":{\"@id\":\"https:\/\/powerplayers.sk\/turnaje\/#breadcrumb\"},\"inLanguage\":\"en-GB\",\"potentialAction\":[{\"@type\":\"ReadAction\",\"target\":[\"https:\/\/powerplayers.sk\/turnaje\/\"]}]},{\"@type\":\"BreadcrumbList\",\"@id\":\"https:\/\/powerplayers.sk\/turnaje\/#breadcrumb\",\"itemListElement\":[{\"@type\":\"ListItem\",\"position\":1,\"name\":\"Domovsk\u00e1 str\u00e1nka\",\"item\":\"https:\/\/powerplayers.sk\/\"},{\"@type\":\"ListItem\",\"position\":2,\"name\":\"Turnaje\"}]},{\"@type\":\"WebSite\",\"@id\":\"https:\/\/powerplayers.sk\/#website\",\"url\":\"https:\/\/powerplayers.sk\/\",\"name\":\"powerplayers.sk\",\"description\":\"Hokej pre teba\",\"publisher\":{\"@id\":\"https:\/\/powerplayers.sk\/#organization\"},\"potentialAction\":[{\"@type\":\"SearchAction\",\"target\":{\"@type\":\"EntryPoint\",\"urlTemplate\":\"https:\/\/powerplayers.sk\/?s={search_term_string}\"},\"query-input\":{\"@type\":\"PropertyValueSpecification\",\"valueRequired\":true,\"valueName\":\"search_term_string\"}}],\"inLanguage\":\"en-GB\"},{\"@type\":\"Organization\",\"@id\":\"https:\/\/powerplayers.sk\/#organization\",\"name\":\"powerplayers.sk\",\"url\":\"https:\/\/powerplayers.sk\/\",\"logo\":{\"@type\":\"ImageObject\",\"inLanguage\":\"en-GB\",\"@id\":\"https:\/\/powerplayers.sk\/#\/schema\/logo\/image\/\",\"url\":\"https:\/\/powerplayers.sk\/wp-content\/uploads\/2023\/03\/logo_powerplayers-removebg-preview.png\",\"contentUrl\":\"https:\/\/powerplayers.sk\/wp-content\/uploads\/2023\/03\/logo_powerplayers-removebg-preview.png\",\"width\":225,\"height\":225,\"caption\":\"powerplayers.sk\"},\"image\":{\"@id\":\"https:\/\/powerplayers.sk\/#\/schema\/logo\/image\/\"}}]}<\/script>\n<!-- \/ Yoast SEO plugin. -->","yoast_head_json":{"title":"Turnaje - powerplayers.sk","robots":{"index":"index","follow":"follow","max-snippet":"max-snippet:-1","max-image-preview":"max-image-preview:large","max-video-preview":"max-video-preview:-1"},"canonical":"https:\/\/powerplayers.sk\/en\/turnaje\/","og_locale":"en_GB","og_type":"article","og_title":"Turnaje - powerplayers.sk","og_description":"Turnaje Posunie va\u0161e hranice o krok vpred! Miesto, kde o\u017e\u00edva v\u00e1\u0161e\u0148 pre hokej ???????? Na\u0161e turnaje s\u00fa viac ne\u017e len \u0161portov\u00e9 podujatia \u2013 s\u00fa pr\u00edle\u017eitos\u0165ou za\u017ei\u0165 nezabudnute\u013en\u00e9 momenty, uk\u00e1za\u0165 svoje&hellip;","og_url":"https:\/\/powerplayers.sk\/en\/turnaje\/","og_site_name":"powerplayers.sk","article_modified_time":"2024-12-08T11:09:21+00:00","twitter_card":"summary_large_image","twitter_misc":{"Estimated reading time":"1 minute"},"schema":{"@context":"https:\/\/schema.org","@graph":[{"@type":"WebPage","@id":"https:\/\/powerplayers.sk\/turnaje\/","url":"https:\/\/powerplayers.sk\/turnaje\/","name":"Turnaje - powerplayers.sk","isPartOf":{"@id":"https:\/\/powerplayers.sk\/#website"},"datePublished":"2024-11-20T16:28:53+00:00","dateModified":"2024-12-08T11:09:21+00:00","breadcrumb":{"@id":"https:\/\/powerplayers.sk\/turnaje\/#breadcrumb"},"inLanguage":"en-GB","potentialAction":[{"@type":"ReadAction","target":["https:\/\/powerplayers.sk\/turnaje\/"]}]},{"@type":"BreadcrumbList","@id":"https:\/\/powerplayers.sk\/turnaje\/#breadcrumb","itemListElement":[{"@type":"ListItem","position":1,"name":"Domovsk\u00e1 str\u00e1nka","item":"https:\/\/powerplayers.sk\/"},{"@type":"ListItem","position":2,"name":"Turnaje"}]},{"@type":"WebSite","@id":"https:\/\/powerplayers.sk\/#website","url":"https:\/\/powerplayers.sk\/","name":"powerplayers.sk","description":"Hokej pre teba","publisher":{"@id":"https:\/\/powerplayers.sk\/#organization"},"potentialAction":[{"@type":"SearchAction","target":{"@type":"EntryPoint","urlTemplate":"https:\/\/powerplayers.sk\/?s={search_term_string}"},"query-input":{"@type":"PropertyValueSpecification","valueRequired":true,"valueName":"search_term_string"}}],"inLanguage":"en-GB"},{"@type":"Organization","@id":"https:\/\/powerplayers.sk\/#organization","name":"powerplayers.sk","url":"https:\/\/powerplayers.sk\/","logo":{"@type":"ImageObject","inLanguage":"en-GB","@id":"https:\/\/powerplayers.sk\/#\/schema\/logo\/image\/","url":"https:\/\/powerplayers.sk\/wp-content\/uploads\/2023\/03\/logo_powerplayers-removebg-preview.png","contentUrl":"https:\/\/powerplayers.sk\/wp-content\/uploads\/2023\/03\/logo_powerplayers-removebg-preview.png","width":225,"height":225,"caption":"powerplayers.sk"},"image":{"@id":"https:\/\/powerplayers.sk\/#\/schema\/logo\/image\/"}}]}},"_links":{"self":[{"href":"https:\/\/powerplayers.sk\/en\/wp-json\/wp\/v2\/pages\/27650","targetHints":{"allow":["GET"]}}],"collection":[{"href":"https:\/\/powerplayers.sk\/en\/wp-json\/wp\/v2\/pages"}],"about":[{"href":"https:\/\/powerplayers.sk\/en\/wp-json\/wp\/v2\/types\/page"}],"author":[{"embeddable":true,"href":"https:\/\/powerplayers.sk\/en\/wp-json\/wp\/v2\/users\/2"}],"replies":[{"embeddable":true,"href":"https:\/\/powerplayers.sk\/en\/wp-json\/wp\/v2\/comments?post=27650"}],"version-history":[{"count":28,"href":"https:\/\/powerplayers.sk\/en\/wp-json\/wp\/v2\/pages\/27650\/revisions"}],"predecessor-version":[{"id":27886,"href":"https:\/\/powerplayers.sk\/en\/wp-json\/wp\/v2\/pages\/27650\/revisions\/27886"}],"wp:attachment":[{"href":"https:\/\/powerplayers.sk\/en\/wp-json\/wp\/v2\/media?parent=27650"}],"curies":[{"name":"wp","href":"https:\/\/api.w.org\/{rel}","templated":true}]}}